{"id":63,"date":"2025-07-23T14:49:01","date_gmt":"2025-07-23T12:49:01","guid":{"rendered":"https:\/\/sladwlasny.pl\/?page_id=63"},"modified":"2025-07-23T16:11:37","modified_gmt":"2025-07-23T14:11:37","slug":"o-mnie","status":"publish","type":"page","link":"https:\/\/sladwlasny.pl\/?page_id=63","title":{"rendered":"O mnie"},"content":{"rendered":"\n<p>Mam na imi\u0119 Marcin, a blog &#8222;\u015alad W\u0142asny&#8221; to miejsce w kt\u00f3rym zostawiam sw\u00f3j \u015blad, tzn. swoje przemyslenia na temat \u017cycia m\u0119\u017cczyzny, m\u0119\u017ca, ojca we wsp\u00f3\u0142czesnym \u015bwiecie. \u015alad niedoskona\u0142y, nie zawsze prosty, ale w\u0142asny. W\u0142asny poniewa\u017c nie zaczerpni\u0119ty z tego co serwuj\u0105 nam media, w stym social media, ale zapisany na podstawie w\u0142asnych prze\u017cy\u0107, trudnosci, potkni\u0119\u0107. <\/p>\n","protected":false},"excerpt":{"rendered":"<p>Mam na imi\u0119 Marcin, a blog &#8222;\u015alad W\u0142asny&#8221; to miejsce w kt\u00f3rym zostawiam sw\u00f3j \u015blad, tzn. swoje przemyslenia na temat \u017cycia m\u0119\u017cczyzny, m\u0119\u017ca, ojca we wsp\u00f3\u0142czesnym \u015bwiecie. \u015alad niedoskona\u0142y, nie zawsze prosty, ale w\u0142asny. W\u0142asny poniewa\u017c nie zaczerpni\u0119ty z tego co serwuj\u0105 nam media, w stym social media, ale zapisany na podstawie w\u0142asnych prze\u017cy\u0107, trudnosci,&#8230;<\/p>\n","protected":false},"author":1,"featured_media":0,"parent":0,"menu_order":0,"comment_status":"closed","ping_status":"closed","template":"","meta":{"_kadence_starter_templates_imported_post":false,"_kad_post_transparent":"","_kad_post_title":"","_kad_post_layout":"","_kad_post_sidebar_id":"","_kad_post_content_style":"","_kad_post_vertical_padding":"","_kad_post_feature":"","_kad_post_feature_position":"","_kad_post_header":false,"_kad_post_footer":false,"footnotes":""},"class_list":["post-63","page","type-page","status-publish","hentry"],"_links":{"self":[{"href":"https:\/\/sladwlasny.pl\/index.php?rest_route=\/wp\/v2\/pages\/63","targetHints":{"allow":["GET"]}}],"collection":[{"href":"https:\/\/sladwlasny.pl\/index.php?rest_route=\/wp\/v2\/pages"}],"about":[{"href":"https:\/\/sladwlasny.pl\/index.php?rest_route=\/wp\/v2\/types\/page"}],"author":[{"embeddable":true,"href":"https:\/\/sladwlasny.pl\/index.php?rest_route=\/wp\/v2\/users\/1"}],"replies":[{"embeddable":true,"href":"https:\/\/sladwlasny.pl\/index.php?rest_route=%2Fwp%2Fv2%2Fcomments&post=63"}],"version-history":[{"count":2,"href":"https:\/\/sladwlasny.pl\/index.php?rest_route=\/wp\/v2\/pages\/63\/revisions"}],"predecessor-version":[{"id":78,"href":"https:\/\/sladwlasny.pl\/index.php?rest_route=\/wp\/v2\/pages\/63\/revisions\/78"}],"wp:attachment":[{"href":"https:\/\/sladwlasny.pl\/index.php?rest_route=%2Fwp%2Fv2%2Fmedia&parent=63"}],"curies":[{"name":"wp","href":"https:\/\/api.w.org\/{rel}","templated":true}]}}